{"id":21,"date":"2026-01-15T15:10:14","date_gmt":"2026-01-15T15:10:14","guid":{"rendered":"https:\/\/darkcyan-grasshopper-565615.hostingersite.com\/home\/"},"modified":"2026-04-17T12:54:15","modified_gmt":"2026-04-17T12:54:15","slug":"inicio","status":"publish","type":"page","link":"https:\/\/reddemultiplicacion.eu\/inicio\/","title":{"rendered":"Inicio"},"content":{"rendered":"\t\t<div data-elementor-type=\"wp-page\" data-elementor-id=\"21\" class=\"elementor elementor-21\" data-elementor-post-type=\"page\">\n\t\t\t\t<div class=\"elementor-element elementor-element-ddccf30 e-grid hostinger-ai-background-image e-con-boxed e-con e-parent\" data-id=\"ddccf30\" data-element_type=\"container\" data-settings=\"{&quot;background_background&quot;:&quot;classic&quot;}\">\n\t\t\t\t\t<div class=\"e-con-inner\">\n\t\t<div class=\"elementor-element elementor-element-74068c0 e-con-full e-flex e-con e-child\" data-id=\"74068c0\" data-element_type=\"container\">\n\t\t\t\t<div class=\"elementor-element elementor-element-2085031 hostinger-ai-title elementor-widget elementor-widget-heading\" data-id=\"2085031\" data-element_type=\"widget\" data-widget_type=\"heading.default\">\n\t\t\t\t\t<h1 class=\"elementor-heading-title elementor-size-default\">Nuestra Web est\u00e1 en Remodelaci\u00f3n<\/h1>\t\t\t\t<\/div>\n\t\t\t\t<div class=\"elementor-element elementor-element-e636516 hostinger-ai-description elementor-widget elementor-widget-text-editor\" data-id=\"e636516\" data-element_type=\"widget\" data-widget_type=\"text-editor.default\">\n\t\t\t\t\t\t\t\t\t<p>Pronto m\u00e1s noticias<\/p>\t\t\t\t\t\t\t\t<\/div>\n\t\t\t\t<\/div>\n\t\t\t\t\t<\/div>\n\t\t\t\t<\/div>\n\t\t\t\t<\/div>\n\t\t","protected":false},"excerpt":{"rendered":"<p>Nuestra Web est\u00e1 en Remodelaci\u00f3n Pronto m\u00e1s noticias<\/p>\n","protected":false},"author":1,"featured_media":0,"parent":0,"menu_order":0,"comment_status":"closed","ping_status":"closed","template":"","meta":{"footnotes":""},"class_list":["post-21","page","type-page","status-publish","hentry"],"_hostinger_reach_plugin_has_subscription_block":false,"_hostinger_reach_plugin_is_elementor":false,"_links":{"self":[{"href":"https:\/\/reddemultiplicacion.eu\/inicio\/wp-json\/wp\/v2\/pages\/21","targetHints":{"allow":["GET"]}}],"collection":[{"href":"https:\/\/reddemultiplicacion.eu\/inicio\/wp-json\/wp\/v2\/pages"}],"about":[{"href":"https:\/\/reddemultiplicacion.eu\/inicio\/wp-json\/wp\/v2\/types\/page"}],"author":[{"embeddable":true,"href":"https:\/\/reddemultiplicacion.eu\/inicio\/wp-json\/wp\/v2\/users\/1"}],"replies":[{"embeddable":true,"href":"https:\/\/reddemultiplicacion.eu\/inicio\/wp-json\/wp\/v2\/comments?post=21"}],"version-history":[{"count":14,"href":"https:\/\/reddemultiplicacion.eu\/inicio\/wp-json\/wp\/v2\/pages\/21\/revisions"}],"predecessor-version":[{"id":586,"href":"https:\/\/reddemultiplicacion.eu\/inicio\/wp-json\/wp\/v2\/pages\/21\/revisions\/586"}],"wp:attachment":[{"href":"https:\/\/reddemultiplicacion.eu\/inicio\/wp-json\/wp\/v2\/media?parent=21"}],"curies":[{"name":"wp","href":"https:\/\/api.w.org\/{rel}","templated":true}]}}