{"id":419,"date":"2026-01-28T21:18:39","date_gmt":"2026-01-28T21:18:39","guid":{"rendered":"https:\/\/reddemultiplicacion.eu\/inicio\/?page_id=419"},"modified":"2026-04-17T12:59:05","modified_gmt":"2026-04-17T12:59:05","slug":"vision-mision-y-valores","status":"publish","type":"page","link":"https:\/\/reddemultiplicacion.eu\/inicio\/vision-mision-y-valores\/","title":{"rendered":"Visi\u00f3n, Misi\u00f3n y Valores"},"content":{"rendered":"\t\t<div data-elementor-type=\"wp-page\" data-elementor-id=\"419\" class=\"elementor elementor-419\" data-elementor-post-type=\"page\">\n\t\t\t\t<div class=\"elementor-element elementor-element-45d9a39 e-grid hostinger-ai-background-image e-con-boxed e-con e-parent\" data-id=\"45d9a39\" data-element_type=\"container\" data-settings=\"{&quot;background_background&quot;:&quot;classic&quot;}\">\n\t\t\t\t\t<div class=\"e-con-inner\">\n\t\t<div class=\"elementor-element elementor-element-235459f e-con-full e-flex e-con e-child\" data-id=\"235459f\" data-element_type=\"container\">\n\t\t\t\t<div class=\"elementor-element elementor-element-22911f6 hostinger-ai-title elementor-widget elementor-widget-heading\" data-id=\"22911f6\" data-element_type=\"widget\" data-widget_type=\"heading.default\">\n\t\t\t\t\t<h1 class=\"elementor-heading-title elementor-size-default\">Visi\u00f3n, Misi\u00f3n y Valores<\/h1>\t\t\t\t<\/div>\n\t\t\t\t<\/div>\n\t\t\t\t\t<\/div>\n\t\t\t\t<\/div>\n\t\t<div class=\"elementor-element elementor-element-a0803e9 e-flex e-con-boxed e-con e-parent\" data-id=\"a0803e9\" data-element_type=\"container\">\n\t\t\t\t\t<div class=\"e-con-inner\">\n\t\t\t\t<div class=\"elementor-element elementor-element-7c2b786 elementor-widget elementor-widget-html\" data-id=\"7c2b786\" data-element_type=\"widget\" data-widget_type=\"html.default\">\n\t\t\t\t\t<section class=\"rm2\">\n  <style>\n    .rm2{\n      --navy:#0A2F54;\n      --bg:#f4f7fb;\n      --card:#ffffff;\n      --muted:rgba(10,47,84,.78);\n      --border:rgba(10,47,84,.08);\n      --shadow:0 12px 28px rgba(0,0,0,.07);\n      --radius:16px;\n      background:var(--bg);\n      padding:80px 20px;\n      font-family: system-ui, -apple-system, Segoe UI, Roboto, Arial, sans-serif;\n    }\n    .rm2 .wrap{max-width:1100px;margin:0 auto;}\n\n    \/* PANEL PRINCIPAL *\/\n    .rm2 .panel{\n      background:var(--card);\n      border:1px solid var(--border);\n      border-radius:var(--radius);\n      box-shadow:var(--shadow);\n      overflow:hidden;\n      display:flex;\n      flex-wrap:wrap;\n      margin-bottom:56px;\n      opacity:0;\n      transform: translateY(10px);\n      animation: rm2in .7s ease forwards;\n    }\n\n    \/* IMAGEN LATERAL *\/\n    .rm2 .side{\n      flex:1 1 40%;\n      min-height:420px;\n      position:relative;\n      background:url('https:\/\/reddemultiplicacion.eu\/wp-content\/uploads\/2026\/01\/MAPA-ESPANA.jpeg') center\/cover no-repeat;\n    }\n    .rm2 .side:before{\n      content:\"\";\n      position:absolute; inset:0;\n      background:linear-gradient(180deg, rgba(10,47,84,.12) 0%, rgba(10,47,84,.42) 100%);\n    }\n\n    \/* CONTENIDO *\/\n    .rm2 .content{\n      flex:1 1 60%;\n      padding:44px 42px;\n      display:flex;\n      flex-direction:column;\n      gap:30px;\n    }\n\n    .rm2 .block{\n      padding-bottom:26px;\n      border-bottom:1px solid var(--border);\n    }\n    .rm2 .block:last-child{\n      border-bottom:0;\n      padding-bottom:0;\n    }\n\n    .rm2 .label{\n      margin:0 0 10px;\n      color:var(--muted);\n      letter-spacing:.18em;\n      text-transform:uppercase;\n      font-weight:800;\n      font-size:.78rem;\n    }\n    .rm2 .title{\n      margin:0;\n      color:var(--navy);\n      font-weight:900;\n      font-size:1.45rem;\n      line-height:1.2;\n    }\n    .rm2 .text{\n      margin:12px 0 0;\n      color:var(--muted);\n      font-size:1.02rem;\n      line-height:1.75;\n      max-width:720px;\n    }\n\n    \/* VALORES *\/\n    .rm2 .values{\n      display:grid;\n      grid-template-columns:repeat(5, minmax(0,1fr));\n      gap:14px;\n      opacity:0;\n      transform: translateY(10px);\n      animation: rm2in .7s ease forwards;\n      animation-delay:.12s;\n    }\n\n    .rm2 .v{\n      border:1px solid var(--border);\n      border-radius:14px;\n      background:#fff;\n      padding:16px 14px;\n      text-align:center;\n      transition: transform .25s ease, box-shadow .25s ease;\n      box-shadow:0 6px 18px rgba(0,0,0,.05);\n    }\n    .rm2 .v:hover{\n      transform: translateY(-4px);\n      box-shadow:0 12px 26px rgba(0,0,0,.08);\n    }\n\n    .rm2 .ico{\n      width:70px;height:70px;\n      border-radius:999px;\n      display:flex;\n      align-items:center;\n      justify-content:center;\n      margin:0 auto 12px;\n    }\n    .rm2 .ico img{\n      width:40px;height:40px;object-fit:contain;\n    }\n\n    .rm2 .vt{\n      margin:0;\n      font-weight:900;\n      letter-spacing:.08em;\n      text-transform:uppercase;\n      font-size:.75rem;\n      line-height:1.25;\n    }\n    .rm2 .vr{\n      margin:8px 0 0;\n      color:var(--muted);\n      font-weight:700;\n      font-size:.9rem;\n    }\n\n    \/* ANIMACI\u00d3N *\/\n    @keyframes rm2in{\n      to{opacity:1;transform:translateY(0);}\n    }\n\n    \/* ACCESIBILIDAD *\/\n    @media (prefers-reduced-motion: reduce){\n      .rm2 .panel, .rm2 .values{\n        animation:none;\n        opacity:1;\n        transform:none;\n      }\n      .rm2 .v{transition:none;}\n    }\n\n    \/* RESPONSIVE *\/\n    @media (max-width: 980px){\n      .rm2 .content{padding:36px 22px;}\n      .rm2 .side{min-height:320px;}\n      .rm2 .values{grid-template-columns:repeat(2, minmax(0,1fr));}\n    }\n    @media (max-width: 520px){\n      .rm2 .values{grid-template-columns:1fr;}\n    }\n  <\/style>\n\n  <div class=\"wrap\">\n\n    <div class=\"panel\">\n      <div class=\"side\" aria-hidden=\"true\"><\/div>\n\n      <div class=\"content\">\n        <div class=\"block\">\n          <p class=\"label\">Nuestra visi\u00f3n<\/p>\n          <h3 class=\"title\">Una Iglesia saludable representando el Reino de Dios en cada Comunidad<\/h3>\n          <p class=\"text\">\n            Trabajamos para fortalecer y multiplicar iglesias saludables, formando l\u00edderes y ofreciendo recursos pr\u00e1cticos\n            adaptados a cada contexto.\n          <\/p>\n        <\/div>\n\n        <div class=\"block\">\n          <p class=\"label\">Nuestra misi\u00f3n<\/p>\n          <h3 class=\"title\">Equipar l\u00edderes con herramientas para fortalecer y multiplicar iglesias saludables<\/h3>\n          <p class=\"text\">\n            Acompa\u00f1amos a l\u00edderes y comunidades mediante formaci\u00f3n pr\u00e1ctica, recursos reproducibles y procesos estrat\u00e9gicos\n            que impulsan iglesias saludables y en multiplicaci\u00f3n.\n          <\/p>\n        <\/div>\n      <\/div>\n    <\/div>\n\n    <div class=\"values\">\n\n      <div class=\"v\">\n        <div class=\"ico\" style=\"background:#F4B000;\">\n          <img decoding=\"async\" src=\"https:\/\/reddemultiplicacion.eu\/wp-content\/uploads\/2026\/01\/Integridad-Cristiana-Icono.png\" alt=\"\">\n        <\/div>\n        <p class=\"vt\" style=\"color:#F4B000;\">Integridad cristiana<\/p>\n        <p class=\"vr\">Efesios 4<\/p>\n      <\/div>\n\n      <div class=\"v\">\n        <div class=\"ico\" style=\"background:#B3312B;\">\n          <img decoding=\"async\" src=\"https:\/\/reddemultiplicacion.eu\/wp-content\/uploads\/2026\/01\/Liderazgo-de-Servicio-y-Trabajo-en-Equipo-Icono.png\" alt=\"\">\n        <\/div>\n        <p class=\"vt\" style=\"color:#B3312B;\">Liderazgo de servicio<br>y trabajo en equipo<\/p>\n        <p class=\"vr\">Filipenses 2<\/p>\n      <\/div>\n\n      <div class=\"v\">\n        <div class=\"ico\" style=\"background:#0868aa;\">\n          <img decoding=\"async\" src=\"https:\/\/reddemultiplicacion.eu\/wp-content\/uploads\/2026\/01\/Exelencia-en-Formacion-y-Materiales-Icono.png\" alt=\"\">\n        <\/div>\n        <p class=\"vt\" style=\"color:#0868aa;\">Excelencia en la formaci\u00f3n<br>y los materiales<\/p>\n        <p class=\"vr\">Efesios 6:6\u20138<\/p>\n      <\/div>\n\n      <div class=\"v\">\n        <div class=\"ico\" style=\"background:#645d83;\">\n          <img decoding=\"async\" src=\"https:\/\/reddemultiplicacion.eu\/wp-content\/uploads\/2026\/01\/Alta-Reproducivilidad-Icono.png\" alt=\"\">\n        <\/div>\n        <p class=\"vt\" style=\"color:#645d83;\">Alta reproducibilidad<br>y f\u00e1cil acceso<\/p>\n        <p class=\"vr\">2 Timoteo 2:2<\/p>\n      <\/div>\n\n      <div class=\"v\">\n        <div class=\"ico\" style=\"background:#4caa5B;\">\n          <img decoding=\"async\" src=\"https:\/\/reddemultiplicacion.eu\/wp-content\/uploads\/2026\/01\/Mayordomia-y-Rendicion-de-Cuentas-Icono.png\" alt=\"\">\n        <\/div>\n        <p class=\"vt\" style=\"color:#4caa5B;\">Mayordom\u00eda<br>y rendici\u00f3n de cuentas<\/p>\n        <p class=\"vr\">1 Cr\u00f3nicas 29:10\u201314<\/p>\n      <\/div>\n\n    <\/div>\n\n  <\/div>\n<\/section>\n\t\t\t\t<\/div>\n\t\t\t\t\t<\/div>\n\t\t\t\t<\/div>\n\t\t\t\t<\/div>\n\t\t","protected":false},"excerpt":{"rendered":"<p>Visi\u00f3n, Misi\u00f3n y Valores Nuestra visi\u00f3n Una Iglesia saludable representando el Reino de Dios en cada Comunidad Trabajamos para fortalecer y multiplicar iglesias saludables, formando l\u00edderes y ofreciendo recursos pr\u00e1cticos adaptados a cada contexto. Nuestra misi\u00f3n Equipar l\u00edderes con herramientas para fortalecer y multiplicar iglesias saludables Acompa\u00f1amos a l\u00edderes y comunidades mediante formaci\u00f3n pr\u00e1ctica, recursos [&hellip;]<\/p>\n","protected":false},"author":1,"featured_media":0,"parent":0,"menu_order":0,"comment_status":"closed","ping_status":"closed","template":"","meta":{"footnotes":""},"class_list":["post-419","page","type-page","status-publish","hentry"],"_hostinger_reach_plugin_has_subscription_block":false,"_hostinger_reach_plugin_is_elementor":false,"_links":{"self":[{"href":"https:\/\/reddemultiplicacion.eu\/inicio\/wp-json\/wp\/v2\/pages\/419","targetHints":{"allow":["GET"]}}],"collection":[{"href":"https:\/\/reddemultiplicacion.eu\/inicio\/wp-json\/wp\/v2\/pages"}],"about":[{"href":"https:\/\/reddemultiplicacion.eu\/inicio\/wp-json\/wp\/v2\/types\/page"}],"author":[{"embeddable":true,"href":"https:\/\/reddemultiplicacion.eu\/inicio\/wp-json\/wp\/v2\/users\/1"}],"replies":[{"embeddable":true,"href":"https:\/\/reddemultiplicacion.eu\/inicio\/wp-json\/wp\/v2\/comments?post=419"}],"version-history":[{"count":46,"href":"https:\/\/reddemultiplicacion.eu\/inicio\/wp-json\/wp\/v2\/pages\/419\/revisions"}],"predecessor-version":[{"id":592,"href":"https:\/\/reddemultiplicacion.eu\/inicio\/wp-json\/wp\/v2\/pages\/419\/revisions\/592"}],"wp:attachment":[{"href":"https:\/\/reddemultiplicacion.eu\/inicio\/wp-json\/wp\/v2\/media?parent=419"}],"curies":[{"name":"wp","href":"https:\/\/api.w.org\/{rel}","templated":true}]}}