{"id":538,"date":"2026-04-09T12:01:08","date_gmt":"2026-04-09T12:01:08","guid":{"rendered":"https:\/\/reddemultiplicacion.eu\/inicio\/?page_id=538"},"modified":"2026-04-17T14:03:43","modified_gmt":"2026-04-17T14:03:43","slug":"programa-mas-iglesias","status":"publish","type":"page","link":"https:\/\/reddemultiplicacion.eu\/inicio\/programa-mas-iglesias\/","title":{"rendered":"Programa M\u00e1s Iglesias"},"content":{"rendered":"\t\t<div data-elementor-type=\"wp-page\" data-elementor-id=\"538\" class=\"elementor elementor-538\" data-elementor-post-type=\"page\">\n\t\t\t\t<div class=\"elementor-element elementor-element-ff5ec65 e-grid hostinger-ai-background-image e-con-boxed e-con e-parent\" data-id=\"ff5ec65\" data-element_type=\"container\" data-settings=\"{&quot;background_background&quot;:&quot;classic&quot;}\">\n\t\t\t\t\t<div class=\"e-con-inner\">\n\t\t<div class=\"elementor-element elementor-element-f91edba e-con-full e-flex e-con e-child\" data-id=\"f91edba\" data-element_type=\"container\">\n\t\t\t\t<div class=\"elementor-element elementor-element-3eb8e97 hostinger-ai-title elementor-widget elementor-widget-heading\" data-id=\"3eb8e97\" data-element_type=\"widget\" data-widget_type=\"heading.default\">\n\t\t\t\t\t<h1 class=\"elementor-heading-title elementor-size-default\">M\u00e1s Iglesias<\/h1>\t\t\t\t<\/div>\n\t\t\t\t<\/div>\n\t\t\t\t\t<\/div>\n\t\t\t\t<\/div>\n\t\t<div class=\"elementor-element elementor-element-6633aad e-flex e-con-boxed e-con e-parent\" data-id=\"6633aad\" data-element_type=\"container\">\n\t\t\t\t\t<div class=\"e-con-inner\">\n\t\t\t\t<div class=\"elementor-element elementor-element-3ea52dc elementor-widget-divider--view-line_icon elementor-view-default elementor-widget-divider--element-align-center elementor-widget elementor-widget-divider\" data-id=\"3ea52dc\" data-element_type=\"widget\" data-widget_type=\"divider.default\">\n\t\t\t\t\t\t\t<div class=\"elementor-divider\">\n\t\t\t<span class=\"elementor-divider-separator\">\n\t\t\t\t\t\t\t<div class=\"elementor-icon elementor-divider__element\">\n\t\t\t\t\t<svg aria-hidden=\"true\" class=\"e-font-icon-svg e-fas-bible\" viewBox=\"0 0 448 512\" xmlns=\"http:\/\/www.w3.org\/2000\/svg\"><path d=\"M448 358.4V25.6c0-16-9.6-25.6-25.6-25.6H96C41.6 0 0 41.6 0 96v320c0 54.4 41.6 96 96 96h326.4c12.8 0 25.6-9.6 25.6-25.6v-16c0-6.4-3.2-12.8-9.6-19.2-3.2-16-3.2-60.8 0-73.6 6.4-3.2 9.6-9.6 9.6-19.2zM144 144c0-8.84 7.16-16 16-16h48V80c0-8.84 7.16-16 16-16h32c8.84 0 16 7.16 16 16v48h48c8.84 0 16 7.16 16 16v32c0 8.84-7.16 16-16 16h-48v112c0 8.84-7.16 16-16 16h-32c-8.84 0-16-7.16-16-16V192h-48c-8.84 0-16-7.16-16-16v-32zm236.8 304H96c-19.2 0-32-12.8-32-32s16-32 32-32h284.8v64z\"><\/path><\/svg><\/div>\n\t\t\t\t\t\t<\/span>\n\t\t<\/div>\n\t\t\t\t\t\t<\/div>\n\t\t\t\t\t<\/div>\n\t\t\t\t<\/div>\n\t\t<div class=\"elementor-element elementor-element-fac0f54 e-flex e-con-boxed elementor-invisible e-con e-parent\" data-id=\"fac0f54\" data-element_type=\"container\" data-settings=\"{&quot;animation&quot;:&quot;fadeInUp&quot;}\">\n\t\t\t\t\t<div class=\"e-con-inner\">\n\t\t\t\t<div class=\"elementor-element elementor-element-e6dfb03 animated-slow elementor-skin-carousel elementor-arrows-yes elementor-pagination-type-bullets elementor-pagination-position-outside elementor-invisible elementor-widget elementor-widget-media-carousel\" data-id=\"e6dfb03\" data-element_type=\"widget\" data-settings=\"{&quot;slides_per_view&quot;:&quot;1&quot;,&quot;slides_per_view_mobile&quot;:&quot;1&quot;,&quot;slides_to_scroll_mobile&quot;:&quot;1&quot;,&quot;_animation&quot;:&quot;fadeInUp&quot;,&quot;skin&quot;:&quot;carousel&quot;,&quot;effect&quot;:&quot;slide&quot;,&quot;show_arrows&quot;:&quot;yes&quot;,&quot;pagination&quot;:&quot;bullets&quot;,&quot;speed&quot;:500,&quot;autoplay&quot;:&quot;yes&quot;,&quot;autoplay_speed&quot;:5000,&quot;loop&quot;:&quot;yes&quot;,&quot;pause_on_hover&quot;:&quot;yes&quot;,&quot;pause_on_interaction&quot;:&quot;yes&quot;,&quot;space_between&quot;:{&quot;unit&quot;:&quot;px&quot;,&quot;size&quot;:10,&quot;sizes&quot;:[]},&quot;space_between_tablet&quot;:{&quot;unit&quot;:&quot;px&quot;,&quot;size&quot;:10,&quot;sizes&quot;:[]},&quot;space_between_mobile&quot;:{&quot;unit&quot;:&quot;px&quot;,&quot;size&quot;:10,&quot;sizes&quot;:[]}}\" data-widget_type=\"media-carousel.default\">\n\t\t\t\t\t\t\t\t\t\t<div class=\"elementor-main-swiper swiper\" role=\"region\" aria-roledescription=\"carousel\" aria-label=\"Diapositivas\">\n\t\t\t\t<div class=\"swiper-wrapper\">\n\t\t\t\t\t\t\t\t\t\t\t<div class=\"swiper-slide\" role=\"group\" aria-roledescription=\"slide\">\n\t\t\t\t\t\t\t\t\t<div class=\"elementor-carousel-image\" role=\"img\" aria-label=\"\" style=\"background-image: url(&#039;https:\/\/reddemultiplicacion.eu\/wp-content\/plugins\/elementor\/assets\/images\/placeholder.png&#039;)\">\n\n\t\t\t\n\t\t\t\t\t<\/div>\n\t\t\t\t\t\t\t\t<\/div>\n\t\t\t\t\t\t\t\t\t\t\t<div class=\"swiper-slide\" role=\"group\" aria-roledescription=\"slide\">\n\t\t\t\t\t\t\t\t\t<div class=\"elementor-carousel-image\" role=\"img\" aria-label=\"\" style=\"background-image: url(&#039;https:\/\/reddemultiplicacion.eu\/wp-content\/plugins\/elementor\/assets\/images\/placeholder.png&#039;)\">\n\n\t\t\t\n\t\t\t\t\t<\/div>\n\t\t\t\t\t\t\t\t<\/div>\n\t\t\t\t\t\t\t\t\t\t\t<div class=\"swiper-slide\" role=\"group\" aria-roledescription=\"slide\">\n\t\t\t\t\t\t\t\t\t<div class=\"elementor-carousel-image\" role=\"img\" aria-label=\"\" style=\"background-image: url(&#039;https:\/\/reddemultiplicacion.eu\/wp-content\/plugins\/elementor\/assets\/images\/placeholder.png&#039;)\">\n\n\t\t\t\n\t\t\t\t\t<\/div>\n\t\t\t\t\t\t\t\t<\/div>\n\t\t\t\t\t\t\t\t\t\t\t<div class=\"swiper-slide\" role=\"group\" aria-roledescription=\"slide\">\n\t\t\t\t\t\t\t\t\t<div class=\"elementor-carousel-image\" role=\"img\" aria-label=\"\" style=\"background-image: url(&#039;https:\/\/reddemultiplicacion.eu\/wp-content\/plugins\/elementor\/assets\/images\/placeholder.png&#039;)\">\n\n\t\t\t\n\t\t\t\t\t<\/div>\n\t\t\t\t\t\t\t\t<\/div>\n\t\t\t\t\t\t\t\t\t\t\t<div class=\"swiper-slide\" role=\"group\" aria-roledescription=\"slide\">\n\t\t\t\t\t\t\t\t\t<div class=\"elementor-carousel-image\" role=\"img\" aria-label=\"\" style=\"background-image: url(&#039;https:\/\/reddemultiplicacion.eu\/wp-content\/plugins\/elementor\/assets\/images\/placeholder.png&#039;)\">\n\n\t\t\t\n\t\t\t\t\t<\/div>\n\t\t\t\t\t\t\t\t<\/div>\n\t\t\t\t\t\t\t\t\t<\/div>\n\t\t\t\t\t\t\t\t\t\t\t\t\t\t\t<div class=\"elementor-swiper-button elementor-swiper-button-prev\" role=\"button\" tabindex=\"0\" aria-label=\"Anterior\">\n\t\t\t\t\t\t\t<svg aria-hidden=\"true\" class=\"e-font-icon-svg e-eicon-chevron-left\" viewBox=\"0 0 1000 1000\" xmlns=\"http:\/\/www.w3.org\/2000\/svg\"><path d=\"M646 125C629 125 613 133 604 142L308 442C296 454 292 471 292 487 292 504 296 521 308 533L604 854C617 867 629 875 646 875 663 875 679 871 692 858 704 846 713 829 713 812 713 796 708 779 692 767L438 487 692 225C700 217 708 204 708 187 708 171 704 154 692 142 675 129 663 125 646 125Z\"><\/path><\/svg>\t\t\t\t\t\t<\/div>\n\t\t\t\t\t\t<div class=\"elementor-swiper-button elementor-swiper-button-next\" role=\"button\" tabindex=\"0\" aria-label=\"Siguiente\">\n\t\t\t\t\t\t\t<svg aria-hidden=\"true\" class=\"e-font-icon-svg e-eicon-chevron-right\" viewBox=\"0 0 1000 1000\" xmlns=\"http:\/\/www.w3.org\/2000\/svg\"><path d=\"M696 533C708 521 713 504 713 487 713 471 708 454 696 446L400 146C388 133 375 125 354 125 338 125 325 129 313 142 300 154 292 171 292 187 292 204 296 221 308 233L563 492 304 771C292 783 288 800 288 817 288 833 296 850 308 863 321 871 338 875 354 875 371 875 388 867 400 854L696 533Z\"><\/path><\/svg>\t\t\t\t\t\t<\/div>\n\t\t\t\t\t\t\t\t\t\t\t\t\t\t\t\t<div class=\"swiper-pagination\"><\/div>\n\t\t\t\t\t\t\t\t\t\t\t\t<\/div>\n\t\t\t\t\t\t\t\t<\/div>\n\t\t\t\t\t<\/div>\n\t\t\t\t<\/div>\n\t\t<div class=\"elementor-element elementor-element-91b4e43 e-flex e-con-boxed e-con e-parent\" data-id=\"91b4e43\" data-element_type=\"container\">\n\t\t\t\t\t<div class=\"e-con-inner\">\n\t\t\t\t<div class=\"elementor-element elementor-element-8d98a32 elementor-widget-divider--view-line_icon animated-slow elementor-view-default elementor-widget-divider--element-align-center elementor-invisible elementor-widget elementor-widget-divider\" data-id=\"8d98a32\" data-element_type=\"widget\" data-settings=\"{&quot;_animation&quot;:&quot;fadeInUp&quot;}\" data-widget_type=\"divider.default\">\n\t\t\t\t\t\t\t<div class=\"elementor-divider\">\n\t\t\t<span class=\"elementor-divider-separator\">\n\t\t\t\t\t\t\t<div class=\"elementor-icon elementor-divider__element\">\n\t\t\t\t\t<svg aria-hidden=\"true\" class=\"e-font-icon-svg e-fas-bible\" viewBox=\"0 0 448 512\" xmlns=\"http:\/\/www.w3.org\/2000\/svg\"><path d=\"M448 358.4V25.6c0-16-9.6-25.6-25.6-25.6H96C41.6 0 0 41.6 0 96v320c0 54.4 41.6 96 96 96h326.4c12.8 0 25.6-9.6 25.6-25.6v-16c0-6.4-3.2-12.8-9.6-19.2-3.2-16-3.2-60.8 0-73.6 6.4-3.2 9.6-9.6 9.6-19.2zM144 144c0-8.84 7.16-16 16-16h48V80c0-8.84 7.16-16 16-16h32c8.84 0 16 7.16 16 16v48h48c8.84 0 16 7.16 16 16v32c0 8.84-7.16 16-16 16h-48v112c0 8.84-7.16 16-16 16h-32c-8.84 0-16-7.16-16-16V192h-48c-8.84 0-16-7.16-16-16v-32zm236.8 304H96c-19.2 0-32-12.8-32-32s16-32 32-32h284.8v64z\"><\/path><\/svg><\/div>\n\t\t\t\t\t\t<\/span>\n\t\t<\/div>\n\t\t\t\t\t\t<\/div>\n\t\t\t\t\t<\/div>\n\t\t\t\t<\/div>\n\t\t<div class=\"elementor-element elementor-element-61d1117 e-flex e-con-boxed e-con e-parent\" data-id=\"61d1117\" data-element_type=\"container\">\n\t\t\t\t\t<div class=\"e-con-inner\">\n\t\t\t\t<div class=\"elementor-element elementor-element-b09b78f animated-slow elementor-invisible elementor-widget elementor-widget-html\" data-id=\"b09b78f\" data-element_type=\"widget\" data-settings=\"{&quot;_animation&quot;:&quot;fadeInUp&quot;}\" data-widget_type=\"html.default\">\n\t\t\t\t\t<section class=\"rm-elementor-premium\">\n  <style>\n    .rm-elementor-premium{\n      --text:#1d1d1f;\n      --muted:#6e6e73;\n      --line:rgba(29,29,31,.10);\n      --bg:#f5f5f7;\n      --radius:28px;\n\n      width:100%;\n      padding:80px 0;\n      background:transparent;\n      font-family:-apple-system, BlinkMacSystemFont, \"SF Pro Display\", \"Helvetica Neue\", Arial, sans-serif;\n    }\n\n    .rm-elementor-premium,\n    .rm-elementor-premium *{\n      box-sizing:border-box;\n    }\n\n    .rm-elementor-premium .inner{\n      width:100%;\n      max-width:1200px;\n      margin:0 auto;\n      padding:0 24px;\n    }\n\n    .rm-elementor-premium .top{\n      max-width:760px;\n      margin:0 0 42px;\n    }\n\n    .rm-elementor-premium .eyebrow{\n      margin:0 0 14px;\n      font-size:.74rem;\n      letter-spacing:.18em;\n      text-transform:uppercase;\n      color:var(--muted);\n      font-weight:600;\n    }\n\n    .rm-elementor-premium .title{\n      margin:0;\n      color:var(--text);\n      font-size:clamp(2.4rem, 4vw, 4.6rem);\n      line-height:1.02;\n      letter-spacing:-.045em;\n      font-weight:700;\n    }\n\n    .rm-elementor-premium .intro{\n      margin:22px 0 0;\n      max-width:700px;\n      color:var(--muted);\n      font-size:1.06rem;\n      line-height:1.85;\n    }\n\n    .rm-elementor-premium .block{\n      display:grid;\n      grid-template-columns: minmax(0, 1.15fr) minmax(0, .85fr);\n      gap:36px;\n      align-items:start;\n    }\n\n    .rm-elementor-premium .media{\n      width:100%;\n      min-height:560px;\n      border-radius:var(--radius);\n      background:\n        linear-gradient(180deg, rgba(0,0,0,.03), rgba(0,0,0,.14)),\n        url(\"https:\/\/reddemultiplicacion.eu\/wp-content\/uploads\/2026\/04\/ChatGPT-Image-9-abr-2026-14_20_06.png\") center center \/ cover no-repeat;\n    }\n\n    .rm-elementor-premium .content{\n      padding-top:12px;\n    }\n\n    .rm-elementor-premium .card{\n      width:100%;\n      padding:0;\n      background:transparent;\n      border:none;\n      box-shadow:none;\n    }\n\n    .rm-elementor-premium .card + .card{\n      margin-top:34px;\n      padding-top:28px;\n      border-top:1px solid var(--line);\n    }\n\n    .rm-elementor-premium .card-title{\n      margin:0 0 16px;\n      color:var(--text);\n      font-size:1.45rem;\n      line-height:1.15;\n      letter-spacing:-.03em;\n      font-weight:600;\n    }\n\n    .rm-elementor-premium .text{\n      margin:0;\n      color:var(--muted);\n      font-size:1rem;\n      line-height:1.9;\n    }\n\n    .rm-elementor-premium .text + .text{\n      margin-top:16px;\n    }\n\n    .rm-elementor-premium .highlight{\n      color:var(--text);\n      font-weight:600;\n    }\n\n    @media (max-width: 1024px){\n      .rm-elementor-premium{\n        padding:64px 0;\n      }\n\n      .rm-elementor-premium .inner{\n        padding:0 20px;\n      }\n\n      .rm-elementor-premium .block{\n        grid-template-columns:1fr;\n        gap:28px;\n      }\n\n      .rm-elementor-premium .media{\n        min-height:400px;\n      }\n\n      .rm-elementor-premium .content{\n        padding-top:0;\n      }\n    }\n\n    @media (max-width: 640px){\n      .rm-elementor-premium .inner{\n        padding:0 16px;\n      }\n\n      .rm-elementor-premium .media{\n        min-height:280px;\n        border-radius:20px;\n      }\n\n      .rm-elementor-premium .title{\n        font-size:2.2rem;\n      }\n\n      .rm-elementor-premium .intro,\n      .rm-elementor-premium .text{\n        font-size:.98rem;\n        line-height:1.8;\n      }\n\n      .rm-elementor-premium .card-title{\n        font-size:1.22rem;\n      }\n    }\n  <\/style>\n\n  <div class=\"inner\">\n    <div class=\"top\">\n      <p class=\"eyebrow\">L\u00edneas de ministerio<\/p>\n      <h2 class=\"title\">M\u00e1s Iglesias<\/h2>\n      <p class=\"intro\">\n        Red de Multiplicaci\u00f3n ofrece dos l\u00edneas de ministerio:\n        <span class=\"highlight\">M\u00e1s Iglesias<\/span> y\n        <span class=\"highlight\">Mejores Iglesias<\/span>.\n        Ambas responden a una misma visi\u00f3n: ver una iglesia saludable que represente el Reino de Dios en cada comunidad.\n      <\/p>\n    <\/div>\n\n    <div class=\"block\">\n      <div class=\"media\" aria-hidden=\"true\"><\/div>\n\n      <div class=\"content\">\n        <div class=\"card\">\n          <h3 class=\"card-title\">Una estrategia para la plantaci\u00f3n de iglesias saludables<\/h3>\n          <p class=\"text\">\n            <span class=\"highlight\">M\u00e1s Iglesias<\/span> es una estrategia dise\u00f1ada para desafiar, formar y acompa\u00f1ar a l\u00edderes en el inicio de nuevas comunidades de fe con claridad, preparaci\u00f3n y prop\u00f3sito.\n          <\/p>\n          <p class=\"text\">\n            Su enfoque combina acci\u00f3n y reflexi\u00f3n dentro de un proceso intencional que fortalece la visi\u00f3n, la madurez ministerial y la capacidad de multiplicaci\u00f3n.\n          <\/p>\n        <\/div>\n\n        <div class=\"card\">\n          <h3 class=\"card-title\">Formaci\u00f3n, acompa\u00f1amiento y seguimiento<\/h3>\n          <p class=\"text\">\n            Este proceso integra formaci\u00f3n b\u00edblica, desarrollo de habilidades pr\u00e1cticas, acompa\u00f1amiento cercano y seguimiento continuo para sostener la plantaci\u00f3n de iglesias saludables en contextos reales.\n          <\/p>\n        <\/div>\n      <\/div>\n    <\/div>\n  <\/div>\n<\/section>\t\t\t\t<\/div>\n\t\t\t\t\t<\/div>\n\t\t\t\t<\/div>\n\t\t<div class=\"elementor-element elementor-element-195a880 e-flex e-con-boxed e-con e-parent\" data-id=\"195a880\" data-element_type=\"container\">\n\t\t\t\t\t<div class=\"e-con-inner\">\n\t\t\t\t<div class=\"elementor-element elementor-element-7e58658 elementor-widget-divider--view-line_icon elementor-view-default elementor-widget-divider--element-align-center elementor-widget elementor-widget-divider\" data-id=\"7e58658\" data-element_type=\"widget\" data-widget_type=\"divider.default\">\n\t\t\t\t\t\t\t<div class=\"elementor-divider\">\n\t\t\t<span class=\"elementor-divider-separator\">\n\t\t\t\t\t\t\t<div class=\"elementor-icon elementor-divider__element\">\n\t\t\t\t\t<svg aria-hidden=\"true\" class=\"e-font-icon-svg e-fas-bible\" viewBox=\"0 0 448 512\" xmlns=\"http:\/\/www.w3.org\/2000\/svg\"><path d=\"M448 358.4V25.6c0-16-9.6-25.6-25.6-25.6H96C41.6 0 0 41.6 0 96v320c0 54.4 41.6 96 96 96h326.4c12.8 0 25.6-9.6 25.6-25.6v-16c0-6.4-3.2-12.8-9.6-19.2-3.2-16-3.2-60.8 0-73.6 6.4-3.2 9.6-9.6 9.6-19.2zM144 144c0-8.84 7.16-16 16-16h48V80c0-8.84 7.16-16 16-16h32c8.84 0 16 7.16 16 16v48h48c8.84 0 16 7.16 16 16v32c0 8.84-7.16 16-16 16h-48v112c0 8.84-7.16 16-16 16h-32c-8.84 0-16-7.16-16-16V192h-48c-8.84 0-16-7.16-16-16v-32zm236.8 304H96c-19.2 0-32-12.8-32-32s16-32 32-32h284.8v64z\"><\/path><\/svg><\/div>\n\t\t\t\t\t\t<\/span>\n\t\t<\/div>\n\t\t\t\t\t\t<\/div>\n\t\t\t\t\t<\/div>\n\t\t\t\t<\/div>\n\t\t<div class=\"elementor-element elementor-element-4cff80d e-grid hostinger-ai-background-image e-con-boxed e-con e-parent\" data-id=\"4cff80d\" data-element_type=\"container\" data-settings=\"{&quot;background_background&quot;:&quot;classic&quot;}\">\n\t\t\t\t\t<div class=\"e-con-inner\">\n\t\t<div class=\"elementor-element elementor-element-42fce83 e-con-full e-flex e-con e-child\" data-id=\"42fce83\" data-element_type=\"container\">\n\t\t\t\t<div class=\"elementor-element elementor-element-1e063aa hostinger-ai-title elementor-widget elementor-widget-heading\" data-id=\"1e063aa\" data-element_type=\"widget\" data-widget_type=\"heading.default\">\n\t\t\t\t\t<h1 class=\"elementor-heading-title elementor-size-default\">Conoce m\u00e1s<\/h1>\t\t\t\t<\/div>\n\t\t\t\t<\/div>\n\t\t\t\t\t<\/div>\n\t\t\t\t<\/div>\n\t\t\t\t<\/div>\n\t\t","protected":false},"excerpt":{"rendered":"<p>M\u00e1s Iglesias L\u00edneas de ministerio M\u00e1s Iglesias Red de Multiplicaci\u00f3n ofrece dos l\u00edneas de ministerio: M\u00e1s Iglesias y Mejores Iglesias. Ambas responden a una misma visi\u00f3n: ver una iglesia saludable que represente el Reino de Dios en cada comunidad. Una estrategia para la plantaci\u00f3n de iglesias saludables M\u00e1s Iglesias es una estrategia dise\u00f1ada para desafiar, [&hellip;]<\/p>\n","protected":false},"author":1,"featured_media":0,"parent":0,"menu_order":0,"comment_status":"closed","ping_status":"closed","template":"","meta":{"footnotes":""},"class_list":["post-538","page","type-page","status-publish","hentry"],"_hostinger_reach_plugin_has_subscription_block":false,"_hostinger_reach_plugin_is_elementor":false,"_links":{"self":[{"href":"https:\/\/reddemultiplicacion.eu\/inicio\/wp-json\/wp\/v2\/pages\/538","targetHints":{"allow":["GET"]}}],"collection":[{"href":"https:\/\/reddemultiplicacion.eu\/inicio\/wp-json\/wp\/v2\/pages"}],"about":[{"href":"https:\/\/reddemultiplicacion.eu\/inicio\/wp-json\/wp\/v2\/types\/page"}],"author":[{"embeddable":true,"href":"https:\/\/reddemultiplicacion.eu\/inicio\/wp-json\/wp\/v2\/users\/1"}],"replies":[{"embeddable":true,"href":"https:\/\/reddemultiplicacion.eu\/inicio\/wp-json\/wp\/v2\/comments?post=538"}],"version-history":[{"count":96,"href":"https:\/\/reddemultiplicacion.eu\/inicio\/wp-json\/wp\/v2\/pages\/538\/revisions"}],"predecessor-version":[{"id":677,"href":"https:\/\/reddemultiplicacion.eu\/inicio\/wp-json\/wp\/v2\/pages\/538\/revisions\/677"}],"wp:attachment":[{"href":"https:\/\/reddemultiplicacion.eu\/inicio\/wp-json\/wp\/v2\/media?parent=538"}],"curies":[{"name":"wp","href":"https:\/\/api.w.org\/{rel}","templated":true}]}}